{"id":38,"date":"2008-03-15T11:41:17","date_gmt":"2008-03-15T09:41:17","guid":{"rendered":"http:\/\/www.foretdarcanin.com\/wordpress\/?page_id=38"},"modified":"2016-01-24T14:10:58","modified_gmt":"2016-01-24T12:10:58","slug":"liens","status":"publish","type":"page","link":"http:\/\/www.foretdarcanin.com\/wordpress\/?page_id=38","title":{"rendered":"Liens"},"content":{"rendered":"<p>&nbsp;<\/p>\n<p>&nbsp;<\/p>\n<p>&nbsp;<\/p>\n<p style=\"text-align: center;\"><span style=\"color: #0000ff;\"><strong><em><a title=\"Soci\u00e9t\u00e9 Centrale Canine\" href=\"http:\/\/www.scc.asso.fr\/\" target=\"_blank\">Soci\u00e9t\u00e9 Centrale Canine<\/a><\/em><\/strong><\/span><\/p>\n<p>&nbsp;<\/p>\n<p><strong><em><br \/>\n<\/em><\/strong><\/p>\n<p style=\"text-align: center;\"><strong><em><a title=\"FCI\" href=\"http:\/\/www.fci.be\/affixes.asp?lang=&amp;l=FO\" target=\"_blank\">F\u00e9d\u00e9ration Cynologique Internationale &#8211; FCI (Affixe)<\/a><\/em><\/strong><\/p>\n<p>&nbsp;<\/p>\n<p>&nbsp;<\/p>\n<p style=\"text-align: center;\"><em style=\"font-weight: bold;\">A<a href=\"http:\/\/afbb.fr\/\">fbb<\/a> <\/em><\/p>\n<p style=\"text-align: center;\"><em style=\"font-weight: bold;\">(club de race du berger blanc)<\/em><\/p>\n<p>&nbsp;<\/p>\n<p>&nbsp;<\/p>\n<p>&nbsp;<\/p>\n<p style=\"text-align: center;\"><a title=\"Polytrans\" href=\"http:\/\/www.polytrans.fr\/\" target=\"_blank\"><strong><em>Polytrans<\/em><\/strong><\/a><a title=\"Polytrans\" href=\"http:\/\/www.polytrans.fr\/\" target=\"_blank\">, <\/a><a title=\"Polytrans\" href=\"http:\/\/www.polytrans.fr\/\" target=\"_blank\">Articles pour Chiens &amp; Chats<\/a><\/p>\n<p>&nbsp;<\/p>\n<p style=\"text-align: center;\"><strong><em><a href=\"http:\/\/entre-chien-et-nous.fr\/conseils-et-astuces-chiot.html\">Conseils et astuces pour \u00e9duquer un chiot<\/a><\/em><\/strong><\/p>\n<p>&nbsp;<\/p>\n<p>&nbsp;<\/p>\n<p style=\"text-align: center;\"><span style=\"text-decoration: underline;\">\u00a0liste et r\u00e9sultat des expositions canine :\u00a0\u00a0<a href=\"http:\/\/cedia.fr\">c\u00e9dia<\/a><\/span><\/p>\n<p>&nbsp;<\/p>\n<p>&nbsp;<\/p>\n<p>&nbsp;<\/p>\n<p>&nbsp;<\/p>\n<h2 style=\"text-align: center;\"><\/h2>\n","protected":false},"excerpt":{"rendered":"<p>&nbsp; &nbsp; &nbsp; Soci\u00e9t\u00e9 Centrale Canine &nbsp; F\u00e9d\u00e9ration Cynologique Internationale &#8211; FCI (Affixe) &nbsp; &nbsp; Afbb (club de race du berger blanc) &nbsp; &nbsp; &nbsp; Polytrans, Articles pour Chiens &amp; Chats &nbsp; Conseils et astuces pour \u00e9duquer un chiot &nbsp; &nbsp; \u00a0liste et r\u00e9sultat des expositions canine :\u00a0\u00a0c\u00e9dia &nbsp; &nbsp; &nbsp; &nbsp;<\/p>\n","protected":false},"author":1,"featured_media":0,"parent":0,"menu_order":7,"comment_status":"closed","ping_status":"closed","template":"","meta":[],"_links":{"self":[{"href":"http:\/\/www.foretdarcanin.com\/wordpress\/index.php?rest_route=\/wp\/v2\/pages\/38"}],"collection":[{"href":"http:\/\/www.foretdarcanin.com\/wordpress\/index.php?rest_route=\/wp\/v2\/pages"}],"about":[{"href":"http:\/\/www.foretdarcanin.com\/wordpress\/index.php?rest_route=\/wp\/v2\/types\/page"}],"author":[{"embeddable":true,"href":"http:\/\/www.foretdarcanin.com\/wordpress\/index.php?rest_route=\/wp\/v2\/users\/1"}],"replies":[{"embeddable":true,"href":"http:\/\/www.foretdarcanin.com\/wordpress\/index.php?rest_route=%2Fwp%2Fv2%2Fcomments&post=38"}],"version-history":[{"count":13,"href":"http:\/\/www.foretdarcanin.com\/wordpress\/index.php?rest_route=\/wp\/v2\/pages\/38\/revisions"}],"predecessor-version":[{"id":218,"href":"http:\/\/www.foretdarcanin.com\/wordpress\/index.php?rest_route=\/wp\/v2\/pages\/38\/revisions\/218"}],"wp:attachment":[{"href":"http:\/\/www.foretdarcanin.com\/wordpress\/index.php?rest_route=%2Fwp%2Fv2%2Fmedia&parent=38"}],"curies":[{"name":"wp","href":"https:\/\/api.w.org\/{rel}","templated":true}]}}